{"id":18,"date":"2024-06-28T15:24:12","date_gmt":"2024-06-28T13:24:12","guid":{"rendered":"http:\/\/localhost\/Bureau%20a%CC%82me\/?page_id=18"},"modified":"2025-06-24T21:45:26","modified_gmt":"2025-06-24T19:45:26","slug":"galerie","status":"publish","type":"page","link":"https:\/\/bureauame.be\/?page_id=18","title":{"rendered":"Galerie"},"content":{"rendered":"","protected":false},"excerpt":{"rendered":"","protected":false},"author":1,"featured_media":0,"parent":0,"menu_order":0,"comment_status":"closed","ping_status":"closed","template":"","meta":{"_acf_changed":false,"footnotes":""},"class_list":["post-18","page","type-page","status-publish","hentry"],"acf":[],"yoast_head":"<!-- This site is optimized with the Yoast SEO plugin v25.6 - https:\/\/yoast.com\/wordpress\/plugins\/seo\/ -->\n<title>Galerie - Bureau \u00c2me<\/title>\n<meta name=\"description\" content=\"D\u00e9couvrez la galerie de Bureau \u00e2me : plongez dans les coulisses du processus cr\u00e9atif, explorez des sources d&#039;inspiration et d\u00e9couvrez l&#039;identit\u00e9 visuelle qui d\u00e9finit l&#039;\u00e2me du bureau.\" \/>\n<meta name=\"robots\" content=\"index, follow, max-snippet:-1, max-image-preview:large, max-video-preview:-1\" \/>\n<link rel=\"canonical\" href=\"https:\/\/bureauame.be\/?page_id=18\" \/>\n<meta property=\"og:locale\" content=\"fr_FR\" \/>\n<meta property=\"og:type\" content=\"article\" \/>\n<meta property=\"og:title\" content=\"Galerie - Bureau \u00c2me\" \/>\n<meta property=\"og:description\" content=\"D\u00e9couvrez la galerie de Bureau \u00e2me : plongez dans les coulisses du processus cr\u00e9atif, explorez des sources d&#039;inspiration et d\u00e9couvrez l&#039;identit\u00e9 visuelle qui d\u00e9finit l&#039;\u00e2me du bureau.\" \/>\n<meta property=\"og:url\" content=\"https:\/\/bureauame.be\/?page_id=18\" \/>\n<meta property=\"og:site_name\" content=\"Bureau \u00c2me\" \/>\n<meta property=\"article:modified_time\" content=\"2025-06-24T19:45:26+00:00\" \/>\n<meta name=\"twitter:card\" content=\"summary_large_image\" \/>\n<meta name=\"twitter:label1\" content=\"Dur\u00e9e de lecture est.\" \/>\n\t<meta name=\"twitter:data1\" content=\"2 minutes\" \/>\n<script type=\"application\/ld+json\" class=\"yoast-schema-graph\">{\"@context\":\"https:\/\/schema.org\",\"@graph\":[{\"@type\":\"WebPage\",\"@id\":\"https:\/\/bureauame.be\/?page_id=18\",\"url\":\"https:\/\/bureauame.be\/?page_id=18\",\"name\":\"Galerie - Bureau \u00c2me\",\"isPartOf\":{\"@id\":\"https:\/\/bureauame.be\/#website\"},\"datePublished\":\"2024-06-28T13:24:12+00:00\",\"dateModified\":\"2025-06-24T19:45:26+00:00\",\"description\":\"D\u00e9couvrez la galerie de Bureau \u00e2me : plongez dans les coulisses du processus cr\u00e9atif, explorez des sources d'inspiration et d\u00e9couvrez l'identit\u00e9 visuelle qui d\u00e9finit l'\u00e2me du bureau.\",\"breadcrumb\":{\"@id\":\"https:\/\/bureauame.be\/?page_id=18#breadcrumb\"},\"inLanguage\":\"fr-BE\",\"potentialAction\":[{\"@type\":\"ReadAction\",\"target\":[\"https:\/\/bureauame.be\/?page_id=18\"]}]},{\"@type\":\"BreadcrumbList\",\"@id\":\"https:\/\/bureauame.be\/?page_id=18#breadcrumb\",\"itemListElement\":[{\"@type\":\"ListItem\",\"position\":1,\"name\":\"Accueil\",\"item\":\"https:\/\/bureauame.be\/\"},{\"@type\":\"ListItem\",\"position\":2,\"name\":\"Galerie\"}]},{\"@type\":\"WebSite\",\"@id\":\"https:\/\/bureauame.be\/#website\",\"url\":\"https:\/\/bureauame.be\/\",\"name\":\"Bureau \u00c2me\",\"description\":\"\",\"potentialAction\":[{\"@type\":\"SearchAction\",\"target\":{\"@type\":\"EntryPoint\",\"urlTemplate\":\"https:\/\/bureauame.be\/?s={search_term_string}\"},\"query-input\":{\"@type\":\"PropertyValueSpecification\",\"valueRequired\":true,\"valueName\":\"search_term_string\"}}],\"inLanguage\":\"fr-BE\"}]}<\/script>\n<!-- \/ Yoast SEO plugin. -->","yoast_head_json":{"title":"Galerie - Bureau \u00c2me","description":"D\u00e9couvrez la galerie de Bureau \u00e2me : plongez dans les coulisses du processus cr\u00e9atif, explorez des sources d'inspiration et d\u00e9couvrez l'identit\u00e9 visuelle qui d\u00e9finit l'\u00e2me du bureau.","robots":{"index":"index","follow":"follow","max-snippet":"max-snippet:-1","max-image-preview":"max-image-preview:large","max-video-preview":"max-video-preview:-1"},"canonical":"https:\/\/bureauame.be\/?page_id=18","og_locale":"fr_FR","og_type":"article","og_title":"Galerie - Bureau \u00c2me","og_description":"D\u00e9couvrez la galerie de Bureau \u00e2me : plongez dans les coulisses du processus cr\u00e9atif, explorez des sources d'inspiration et d\u00e9couvrez l'identit\u00e9 visuelle qui d\u00e9finit l'\u00e2me du bureau.","og_url":"https:\/\/bureauame.be\/?page_id=18","og_site_name":"Bureau \u00c2me","article_modified_time":"2025-06-24T19:45:26+00:00","twitter_card":"summary_large_image","twitter_misc":{"Dur\u00e9e de lecture est.":"2 minutes"},"schema":{"@context":"https:\/\/schema.org","@graph":[{"@type":"WebPage","@id":"https:\/\/bureauame.be\/?page_id=18","url":"https:\/\/bureauame.be\/?page_id=18","name":"Galerie - Bureau \u00c2me","isPartOf":{"@id":"https:\/\/bureauame.be\/#website"},"datePublished":"2024-06-28T13:24:12+00:00","dateModified":"2025-06-24T19:45:26+00:00","description":"D\u00e9couvrez la galerie de Bureau \u00e2me : plongez dans les coulisses du processus cr\u00e9atif, explorez des sources d'inspiration et d\u00e9couvrez l'identit\u00e9 visuelle qui d\u00e9finit l'\u00e2me du bureau.","breadcrumb":{"@id":"https:\/\/bureauame.be\/?page_id=18#breadcrumb"},"inLanguage":"fr-BE","potentialAction":[{"@type":"ReadAction","target":["https:\/\/bureauame.be\/?page_id=18"]}]},{"@type":"BreadcrumbList","@id":"https:\/\/bureauame.be\/?page_id=18#breadcrumb","itemListElement":[{"@type":"ListItem","position":1,"name":"Accueil","item":"https:\/\/bureauame.be\/"},{"@type":"ListItem","position":2,"name":"Galerie"}]},{"@type":"WebSite","@id":"https:\/\/bureauame.be\/#website","url":"https:\/\/bureauame.be\/","name":"Bureau \u00c2me","description":"","potentialAction":[{"@type":"SearchAction","target":{"@type":"EntryPoint","urlTemplate":"https:\/\/bureauame.be\/?s={search_term_string}"},"query-input":{"@type":"PropertyValueSpecification","valueRequired":true,"valueName":"search_term_string"}}],"inLanguage":"fr-BE"}]}},"_links":{"self":[{"href":"https:\/\/bureauame.be\/index.php?rest_route=\/wp\/v2\/pages\/18"}],"collection":[{"href":"https:\/\/bureauame.be\/index.php?rest_route=\/wp\/v2\/pages"}],"about":[{"href":"https:\/\/bureauame.be\/index.php?rest_route=\/wp\/v2\/types\/page"}],"author":[{"embeddable":true,"href":"https:\/\/bureauame.be\/index.php?rest_route=\/wp\/v2\/users\/1"}],"replies":[{"embeddable":true,"href":"https:\/\/bureauame.be\/index.php?rest_route=%2Fwp%2Fv2%2Fcomments&post=18"}],"version-history":[{"count":40,"href":"https:\/\/bureauame.be\/index.php?rest_route=\/wp\/v2\/pages\/18\/revisions"}],"predecessor-version":[{"id":976,"href":"https:\/\/bureauame.be\/index.php?rest_route=\/wp\/v2\/pages\/18\/revisions\/976"}],"wp:attachment":[{"href":"https:\/\/bureauame.be\/index.php?rest_route=%2Fwp%2Fv2%2Fmedia&parent=18"}],"curies":[{"name":"wp","href":"https:\/\/api.w.org\/{rel}","templated":true}]}}