{"id":16,"date":"2024-06-28T14:34:28","date_gmt":"2024-06-28T12:34:28","guid":{"rendered":"http:\/\/localhost\/Bureau%20a%CC%82me\/?page_id=16"},"modified":"2025-01-01T21:33:48","modified_gmt":"2025-01-01T20:33:48","slug":"projets","status":"publish","type":"page","link":"https:\/\/bureauame.be\/?page_id=16","title":{"rendered":"Projets"},"content":{"rendered":"","protected":false},"excerpt":{"rendered":"","protected":false},"author":1,"featured_media":0,"parent":0,"menu_order":0,"comment_status":"closed","ping_status":"closed","template":"","meta":{"_acf_changed":false,"footnotes":""},"class_list":["post-16","page","type-page","status-publish","hentry"],"acf":[],"yoast_head":"<!-- This site is optimized with the Yoast SEO plugin v25.6 - https:\/\/yoast.com\/wordpress\/plugins\/seo\/ -->\n<title>Projets - Bureau \u00c2me<\/title>\n<meta name=\"description\" content=\"Explorez les projets r\u00e9alis\u00e9s par Bureau \u00e2me : des espaces professionnels uniques pour boutiques, horeca et professions lib\u00e9rales, alliant design, fonctionnalit\u00e9 et identit\u00e9 visuelle.\" \/>\n<meta name=\"robots\" content=\"index, follow, max-snippet:-1, max-image-preview:large, max-video-preview:-1\" \/>\n<link rel=\"canonical\" href=\"https:\/\/bureauame.be\/?page_id=16\" \/>\n<meta property=\"og:locale\" content=\"fr_FR\" \/>\n<meta property=\"og:type\" content=\"article\" \/>\n<meta property=\"og:title\" content=\"Projets - Bureau \u00c2me\" \/>\n<meta property=\"og:description\" content=\"Explorez les projets r\u00e9alis\u00e9s par Bureau \u00e2me : des espaces professionnels uniques pour boutiques, horeca et professions lib\u00e9rales, alliant design, fonctionnalit\u00e9 et identit\u00e9 visuelle.\" \/>\n<meta property=\"og:url\" content=\"https:\/\/bureauame.be\/?page_id=16\" \/>\n<meta property=\"og:site_name\" content=\"Bureau \u00c2me\" \/>\n<meta property=\"article:modified_time\" content=\"2025-01-01T20:33:48+00:00\" \/>\n<meta name=\"twitter:card\" content=\"summary_large_image\" \/>\n<meta name=\"twitter:label1\" content=\"Dur\u00e9e de lecture est.\" \/>\n\t<meta name=\"twitter:data1\" content=\"1 minute\" \/>\n<script type=\"application\/ld+json\" class=\"yoast-schema-graph\">{\"@context\":\"https:\/\/schema.org\",\"@graph\":[{\"@type\":\"WebPage\",\"@id\":\"https:\/\/bureauame.be\/?page_id=16\",\"url\":\"https:\/\/bureauame.be\/?page_id=16\",\"name\":\"Projets - Bureau \u00c2me\",\"isPartOf\":{\"@id\":\"https:\/\/bureauame.be\/#website\"},\"datePublished\":\"2024-06-28T12:34:28+00:00\",\"dateModified\":\"2025-01-01T20:33:48+00:00\",\"description\":\"Explorez les projets r\u00e9alis\u00e9s par Bureau \u00e2me : des espaces professionnels uniques pour boutiques, horeca et professions lib\u00e9rales, alliant design, fonctionnalit\u00e9 et identit\u00e9 visuelle.\",\"breadcrumb\":{\"@id\":\"https:\/\/bureauame.be\/?page_id=16#breadcrumb\"},\"inLanguage\":\"fr-BE\",\"potentialAction\":[{\"@type\":\"ReadAction\",\"target\":[\"https:\/\/bureauame.be\/?page_id=16\"]}]},{\"@type\":\"BreadcrumbList\",\"@id\":\"https:\/\/bureauame.be\/?page_id=16#breadcrumb\",\"itemListElement\":[{\"@type\":\"ListItem\",\"position\":1,\"name\":\"Accueil\",\"item\":\"https:\/\/bureauame.be\/\"},{\"@type\":\"ListItem\",\"position\":2,\"name\":\"Projets\"}]},{\"@type\":\"WebSite\",\"@id\":\"https:\/\/bureauame.be\/#website\",\"url\":\"https:\/\/bureauame.be\/\",\"name\":\"Bureau \u00c2me\",\"description\":\"\",\"potentialAction\":[{\"@type\":\"SearchAction\",\"target\":{\"@type\":\"EntryPoint\",\"urlTemplate\":\"https:\/\/bureauame.be\/?s={search_term_string}\"},\"query-input\":{\"@type\":\"PropertyValueSpecification\",\"valueRequired\":true,\"valueName\":\"search_term_string\"}}],\"inLanguage\":\"fr-BE\"}]}<\/script>\n<!-- \/ Yoast SEO plugin. -->","yoast_head_json":{"title":"Projets - Bureau \u00c2me","description":"Explorez les projets r\u00e9alis\u00e9s par Bureau \u00e2me : des espaces professionnels uniques pour boutiques, horeca et professions lib\u00e9rales, alliant design, fonctionnalit\u00e9 et identit\u00e9 visuelle.","robots":{"index":"index","follow":"follow","max-snippet":"max-snippet:-1","max-image-preview":"max-image-preview:large","max-video-preview":"max-video-preview:-1"},"canonical":"https:\/\/bureauame.be\/?page_id=16","og_locale":"fr_FR","og_type":"article","og_title":"Projets - Bureau \u00c2me","og_description":"Explorez les projets r\u00e9alis\u00e9s par Bureau \u00e2me : des espaces professionnels uniques pour boutiques, horeca et professions lib\u00e9rales, alliant design, fonctionnalit\u00e9 et identit\u00e9 visuelle.","og_url":"https:\/\/bureauame.be\/?page_id=16","og_site_name":"Bureau \u00c2me","article_modified_time":"2025-01-01T20:33:48+00:00","twitter_card":"summary_large_image","twitter_misc":{"Dur\u00e9e de lecture est.":"1 minute"},"schema":{"@context":"https:\/\/schema.org","@graph":[{"@type":"WebPage","@id":"https:\/\/bureauame.be\/?page_id=16","url":"https:\/\/bureauame.be\/?page_id=16","name":"Projets - Bureau \u00c2me","isPartOf":{"@id":"https:\/\/bureauame.be\/#website"},"datePublished":"2024-06-28T12:34:28+00:00","dateModified":"2025-01-01T20:33:48+00:00","description":"Explorez les projets r\u00e9alis\u00e9s par Bureau \u00e2me : des espaces professionnels uniques pour boutiques, horeca et professions lib\u00e9rales, alliant design, fonctionnalit\u00e9 et identit\u00e9 visuelle.","breadcrumb":{"@id":"https:\/\/bureauame.be\/?page_id=16#breadcrumb"},"inLanguage":"fr-BE","potentialAction":[{"@type":"ReadAction","target":["https:\/\/bureauame.be\/?page_id=16"]}]},{"@type":"BreadcrumbList","@id":"https:\/\/bureauame.be\/?page_id=16#breadcrumb","itemListElement":[{"@type":"ListItem","position":1,"name":"Accueil","item":"https:\/\/bureauame.be\/"},{"@type":"ListItem","position":2,"name":"Projets"}]},{"@type":"WebSite","@id":"https:\/\/bureauame.be\/#website","url":"https:\/\/bureauame.be\/","name":"Bureau \u00c2me","description":"","potentialAction":[{"@type":"SearchAction","target":{"@type":"EntryPoint","urlTemplate":"https:\/\/bureauame.be\/?s={search_term_string}"},"query-input":{"@type":"PropertyValueSpecification","valueRequired":true,"valueName":"search_term_string"}}],"inLanguage":"fr-BE"}]}},"_links":{"self":[{"href":"https:\/\/bureauame.be\/index.php?rest_route=\/wp\/v2\/pages\/16"}],"collection":[{"href":"https:\/\/bureauame.be\/index.php?rest_route=\/wp\/v2\/pages"}],"about":[{"href":"https:\/\/bureauame.be\/index.php?rest_route=\/wp\/v2\/types\/page"}],"author":[{"embeddable":true,"href":"https:\/\/bureauame.be\/index.php?rest_route=\/wp\/v2\/users\/1"}],"replies":[{"embeddable":true,"href":"https:\/\/bureauame.be\/index.php?rest_route=%2Fwp%2Fv2%2Fcomments&post=16"}],"version-history":[{"count":11,"href":"https:\/\/bureauame.be\/index.php?rest_route=\/wp\/v2\/pages\/16\/revisions"}],"predecessor-version":[{"id":782,"href":"https:\/\/bureauame.be\/index.php?rest_route=\/wp\/v2\/pages\/16\/revisions\/782"}],"wp:attachment":[{"href":"https:\/\/bureauame.be\/index.php?rest_route=%2Fwp%2Fv2%2Fmedia&parent=16"}],"curies":[{"name":"wp","href":"https:\/\/api.w.org\/{rel}","templated":true}]}}